{"id":2774,"date":"2012-08-01T17:29:13","date_gmt":"2012-08-01T15:29:13","guid":{"rendered":"http:\/\/www.nazca.hu\/?page_id=2774"},"modified":"2015-04-27T09:53:06","modified_gmt":"2015-04-27T07:53:06","slug":"versions","status":"publish","type":"page","link":"http:\/\/dev.nazca.hu\/www\/it\/allplan\/convert\/versions\/","title":{"rendered":"Allplan verzi\u00f3k"},"content":{"rendered":"<h1 class=\"entry-title\">Allplan verzi\u00f3k<\/h1>\n<p>Ebben a list\u00e1ban megtal\u00e1lhat\u00f3k azok az Allplan verzi\u00f3k, amelyek adatait fel tudjuk dolgozni. Az egyes verzi\u00f3kn\u00e1l felt\u00fcntett\u00fck a kiad\u00e1s \u00e9v\u00e9t, az utols\u00f3 alverzi\u00f3t \u00e9s a t\u00e1mogatott oper\u00e1ci\u00f3s rendszereket. Emellett az \u00e9vsz\u00e1mmal jel\u00f6lt verzi\u00f3kn\u00e1l sz\u00f6gletes z\u00e1r\u00f3jelben felt\u00fcntett\u00fck a bels\u0151 verzi\u00f3sz\u00e1mot is, ami a legt\u00f6bb esetben a f\u00e1jlok verzi\u00f3sz\u00e1m\u00e1t jel\u00f6li. Ezek az inform\u00e1ci\u00f3k seg\u00edthetnek beazonos\u00edtani az adatok Allplan verzi\u00f3j\u00e1t.<\/p>\n<ul>\n<li><strong>Allplan\/Allplot\u00a0V6<\/strong>\/V6.14 (1992) &#8211; <em>HP-UX, AIX, ISC, DOS-Extender<\/em><\/li>\n<li><strong>Allplan\/Allplot\u00a0V7<\/strong> (1993) &#8211; <em>HP-UX, AIX, ISC <\/em><\/li>\n<li><strong>Allplan\/Allplot\u00a0V8<\/strong> (1993) &#8211; <em>HP-UX, AIX, ISC <\/em><\/li>\n<li><strong>Allplan\/Allplot\u00a0V9<\/strong> (1994) &#8211; <em>HP-UX, AIX, ISC (nem ker\u00fclt kiad\u00e1sra, egyb\u0151l V10-re lett \u00e1tnevezve)<br \/>\n<\/em><\/li>\n<li><strong>Allplan\/Allplot\u00a0V10<\/strong>\/V10.3 (1994) &#8211; HP-UX, AIX, ISC, <em>DOS-Extender, Windows NT 3.51<br \/>\n<\/em><\/li>\n<li><strong>Allplan\/Allplot V11<\/strong>\/V11.1 (1995) &#8211; HP-UX, AIX, ISC, <em>DOS-Extender, Windows 95, NT 3.51<br \/>\n<\/em><\/li>\n<li><strong>Allplan\/Allplot FT V12<\/strong>\/V12.3 (1996) &#8211; <em>HP-UX, AIX, ISC, Windows 95, NT 3.51, NT 4.0<br \/>\n<\/em><\/li>\n<li><strong>Allplan\/Allplot FT V14<\/strong>\/V14.1 (1998) &#8211; <em>HP-UX, AIX, Windows 95, NT 3.51, NT 4.0<\/em><\/li>\n<li><strong>Allplan\/Allplot FT V15<\/strong>\/V15.1 (2000) &#8211; <em>HP-UX, AIX, Windows 95, 98, NT 3.51, NT 4.0<\/em><\/li>\n<li><strong>Allplan\/Allplot FT V16<\/strong>\/V16.3 (2001) &#8211; <em>Windows 98, ME, NT 4.0, 2000, XP<\/em><\/li>\n<li><strong>Allplan\/Allplot FT V17<\/strong> (2002) &#8211; <em>Windows 98 SE, ME, NT 4.0 SP6a, 2000 SP2, XP<\/em><\/li>\n<li><strong>Allplan 2003<\/strong>\/2003-1 [<strong>V17<\/strong>] &#8211; <em>Windows ME, NT 4.0 SP6, 2000 SP3, XP SP1<\/em><\/li>\n<li><strong>Allplan 2004 [<\/strong><strong>V18<\/strong>] &#8211; <em>Windows NT 4.0 SP6, 2000 SP4, XP SP1<\/em>, Server 2003<\/li>\n<li><strong>Allplan 2005<\/strong>\/2005-1 [<strong>V19<\/strong>] &#8211; <em>Windows 2000 SP4, XP SP2<\/em>, Server 2003<\/li>\n<li><strong>Allplan 2006<\/strong>\/2006-2 [<strong>V20<\/strong>] &#8211; <em>Windows 2000 SP4, XP SP2, Server 2003 SP1<\/em><\/li>\n<li><strong>Allplan 2008<\/strong> [<strong>V21<\/strong>] &#8211; <em>Windows 2000 SP4, XP SP2, Vista, Server 2003 SP2<\/em><\/li>\n<li><strong>Allplan 2009<\/strong>\/2009-2 [<strong>V21<\/strong>] &#8211;<em> Windows XP SP3, Vista SP2, 7, Server 2003 SP2, Server 2008<\/em><\/li>\n<li><strong>Allplan 2011<\/strong>\/2011-1 [<strong>V22<\/strong>] &#8211; <em>Windows XP SP3, Vista SP2, 7, Server 2003 SP2, Server 2008<\/em><\/li>\n<li><strong>Allplan 2012<\/strong>\/2012-1 [<strong>V22<\/strong>] &#8211; <em>Windows XP SP3, Vista SP2, 7 SP1, Server 2008 SP2, Server 2008 R2 SP1<\/em><\/li>\n<li><strong>Allplan 2013<\/strong>\/2013-1<span style=\"color: #ff0000;\">\u00a0<\/span>\u00a0<em><strong>[V23]<\/strong>\u00a0 <span style=\"color: #ff0000;\"><strong>64 bites v\u00e1ltozat is<\/strong> <\/span>&#8211; Windows Vista SP2, 7 SP1, 8, <\/em><em>Server 2008 SP2, Server 2008 R2 SP1<\/em><\/li>\n<li><strong>Allplan 2014<\/strong>\/2014-1 <em><strong>[V24]<\/strong> <span style=\"color: #ff0000;\"><strong>64 bites v\u00e1ltozat is<\/strong> <\/span>&#8211; Windows Vista SP2, 7 SP1, 8, 8.1, <\/em><em>Server 2008 R2 SP1, Server 2012<\/em><\/li>\n<li><strong>Allplan 2015<\/strong>\/2015-1 <em><strong>[V25]<\/strong>\u00a0<span style=\"color: #ff0000;\"><strong>CSAK 64 bites v\u00e1ltozat<\/strong>\u00a0<\/span>&#8211; Windows 7 SP1, 8, 8.1, <\/em><em>Server 2012 R2<\/em><\/li>\n<\/ul>\n<p><a title=\"Adatkonvert\u00e1l\u00e1s\" href=\"http:\/\/www.nazca.hu\/it\/allplan\/convert\/\">Vissza az adatkonvert\u00e1l\u00e1shoz<\/a><\/p>\n","protected":false},"excerpt":{"rendered":"<p>Allplan verzi\u00f3k Ebben a list\u00e1ban megtal\u00e1lhat\u00f3k azok az Allplan verzi\u00f3k, amelyek adatait fel tudjuk dolgozni. Az egyes verzi\u00f3kn\u00e1l felt\u00fcntett\u00fck a kiad\u00e1s \u00e9v\u00e9t, [&hellip;]<\/p>\n","protected":false},"author":1,"featured_media":0,"parent":2739,"menu_order":0,"comment_status":"closed","ping_status":"closed","template":"","meta":{"footnotes":""},"_links":{"self":[{"href":"http:\/\/dev.nazca.hu\/www\/wp-json\/wp\/v2\/pages\/2774"}],"collection":[{"href":"http:\/\/dev.nazca.hu\/www\/wp-json\/wp\/v2\/pages"}],"about":[{"href":"http:\/\/dev.nazca.hu\/www\/wp-json\/wp\/v2\/types\/page"}],"author":[{"embeddable":true,"href":"http:\/\/dev.nazca.hu\/www\/wp-json\/wp\/v2\/users\/1"}],"replies":[{"embeddable":true,"href":"http:\/\/dev.nazca.hu\/www\/wp-json\/wp\/v2\/comments?post=2774"}],"version-history":[{"count":5,"href":"http:\/\/dev.nazca.hu\/www\/wp-json\/wp\/v2\/pages\/2774\/revisions"}],"predecessor-version":[{"id":4402,"href":"http:\/\/dev.nazca.hu\/www\/wp-json\/wp\/v2\/pages\/2774\/revisions\/4402"}],"up":[{"embeddable":true,"href":"http:\/\/dev.nazca.hu\/www\/wp-json\/wp\/v2\/pages\/2739"}],"wp:attachment":[{"href":"http:\/\/dev.nazca.hu\/www\/wp-json\/wp\/v2\/media?parent=2774"}],"curies":[{"name":"wp","href":"https:\/\/api.w.org\/{rel}","templated":true}]}}