{"id":5280,"date":"2020-07-07T13:44:03","date_gmt":"2020-07-07T11:44:03","guid":{"rendered":"http:\/\/dev.nazca.hu\/www\/?page_id=5280"},"modified":"2020-07-09T16:41:16","modified_gmt":"2020-07-09T14:41:16","slug":"strctural_design","status":"publish","type":"page","link":"http:\/\/dev.nazca.hu\/www\/strctural_design\/","title":{"rendered":"_structural_design"},"content":{"rendered":"\t\t<div data-elementor-type=\"wp-page\" data-elementor-id=\"5280\" class=\"elementor elementor-5280\">\n\t\t\t\t\t\t<section class=\"elementor-section elementor-top-section elementor-element elementor-element-52f1491 elementor-section-boxed elementor-section-height-default elementor-section-height-default\" data-id=\"52f1491\" data-element_type=\"section\">\n\t\t\t\t\t\t<div class=\"elementor-container elementor-column-gap-default\">\n\t\t\t\t\t<div class=\"elementor-column elementor-col-100 elementor-top-column elementor-element elementor-element-edd692c\" data-id=\"edd692c\" data-element_type=\"column\">\n\t\t\t<div class=\"elementor-widget-wrap elementor-element-populated\">\n\t\t\t\t\t\t<div class=\"elementor-element elementor-element-9dab5b5 elementor-invisible elementor-widget elementor-widget-image\" data-id=\"9dab5b5\" data-element_type=\"widget\" data-settings=\"{&quot;_animation&quot;:&quot;fadeIn&quot;}\" data-widget_type=\"image.default\">\n\t\t\t\t<div class=\"elementor-widget-container\">\n\t\t\t\t\t\t\t\t\t\t\t\t\t<img fetchpriority=\"high\" decoding=\"async\" width=\"2560\" height=\"838\" src=\"http:\/\/dev.nazca.hu\/www\/wp-content\/uploads\/2020\/07\/structural_design-scaled.jpg\" class=\"attachment-full size-full wp-image-5500\" alt=\"\" srcset=\"http:\/\/dev.nazca.hu\/www\/wp-content\/uploads\/2020\/07\/structural_design-scaled.jpg 2560w, http:\/\/dev.nazca.hu\/www\/wp-content\/uploads\/2020\/07\/structural_design-300x98.jpg 300w, http:\/\/dev.nazca.hu\/www\/wp-content\/uploads\/2020\/07\/structural_design-1024x335.jpg 1024w, http:\/\/dev.nazca.hu\/www\/wp-content\/uploads\/2020\/07\/structural_design-768x251.jpg 768w, http:\/\/dev.nazca.hu\/www\/wp-content\/uploads\/2020\/07\/structural_design-1536x503.jpg 1536w, http:\/\/dev.nazca.hu\/www\/wp-content\/uploads\/2020\/07\/structural_design-2048x670.jpg 2048w, http:\/\/dev.nazca.hu\/www\/wp-content\/uploads\/2020\/07\/structural_design-830x272.jpg 830w, http:\/\/dev.nazca.hu\/www\/wp-content\/uploads\/2020\/07\/structural_design-230x75.jpg 230w, http:\/\/dev.nazca.hu\/www\/wp-content\/uploads\/2020\/07\/structural_design-350x115.jpg 350w, http:\/\/dev.nazca.hu\/www\/wp-content\/uploads\/2020\/07\/structural_design-480x157.jpg 480w\" sizes=\"(max-width: 2560px) 100vw, 2560px\" \/>\t\t\t\t\t\t\t\t\t\t\t\t\t<\/div>\n\t\t\t\t<\/div>\n\t\t\t\t<div class=\"elementor-element elementor-element-e3cee16 elementor-widget elementor-widget-text-editor\" data-id=\"e3cee16\" data-element_type=\"widget\" data-widget_type=\"text-editor.default\">\n\t\t\t\t<div class=\"elementor-widget-container\">\n\t\t\t\t\t\t\t<p>A NAZCA M\u00e9rn\u00f6kiroda f\u0151 tev\u00e9kenys\u00e9ge \u00faj \u00e9p\u00edt\u00e9s\u0171 \u00e9s megl\u00e9v\u0151 \u00e9p\u00fcletekkel\/\u00e9p\u00edtm\u00e9nyekkel kapcsolatos statikai tervez\u00e9si\/szak\u00e9rt\u00e9si feladatok elv\u00e9gz\u00e9se, mely az al\u00e1bbiakra terjed ki:<\/p><ul><li>El\u0151k\u00e9sz\u00edt\u0151 tervek, \u00f6sszehasonl\u00edt\u00f3 elemz\u00e9sek kidolgoz\u00e1sa<\/li><li>Enged\u00e9lyez\u00e9si tervek k\u00e9sz\u00edt\u00e9se<\/li><li>Tender dokument\u00e1ci\u00f3k k\u00e9sz\u00edt\u00e9se<\/li><li>Kiviteli tervek k\u00e9sz\u00edt\u00e9se<\/li><li>\u00c1t\u00e9p\u00edtend\u0151, b\u0151v\u00edtend\u0151 \u00e9p\u00fcletek statikai fel\u00fclvizsg\u00e1lata<\/li><li>Szak\u00e9rt\u0151i feladatok ell\u00e1t\u00e1sa<\/li><li>Szakv\u00e9lem\u00e9nyek k\u00e9sz\u00edt\u00e9se<\/li><li>\u00c9p\u00fcl\u0151 szerkezetek tervez\u0151i m\u0171vezet\u00e9se<\/li><li>\u00c9p\u00fcl\u0151 szerkezetek m\u0171szaki ellen\u0151rz\u00e9se<\/li><li>F\u00fcggetlen tervellen\u0151ri tev\u00e9kenys\u00e9g a 290\/2007.(X.31.) Korm. rendelet 9.\u00a7 szerint<\/li><\/ul><p>Tev\u00e9kenys\u00e9gi k\u00f6r\u00fcnkbe egyar\u00e1nt beletartoznak a fa-, vasbeton \u00e9s ac\u00e9l-, valamint a helysz\u00edni \u00e9s el\u0151regy\u00e1rtott szerkezetekkel kapcsolatos tervez\u00e9si\/szak\u00e9rt\u00e9si feladatok.<\/p><p>Megrendel\u0151i ig\u00e9ny szerint gener\u00e1ltervez\u0151i feladatok ell\u00e1t\u00e1s\u00e1t is v\u00e1llalunk, a feladat elv\u00e9gz\u00e9s\u00e9hez sz\u00fcks\u00e9ges alv\u00e1llalkoz\u00f3k bevon\u00e1s\u00e1val.<\/p><p>Megb\u00edz\u00e1saink teljes\u00edt\u00e9se sor\u00e1n els\u0151sorban a magas m\u0171szaki sz\u00ednvonalnak val\u00f3 megfelel\u00e9st \u00e9s a megrendel\u0151i \u00e9rdekek marad\u00e9ktalan kiel\u00e9g\u00edt\u00e9s\u00e9t tartjuk szem el\u0151tt.<\/p>\t\t\t\t\t\t<\/div>\n\t\t\t\t<\/div>\n\t\t\t\t\t<\/div>\n\t\t<\/div>\n\t\t\t\t\t<\/div>\n\t\t<\/section>\n\t\t\t\t<\/div>\n\t\t","protected":false},"excerpt":{"rendered":"<p>A NAZCA M\u00e9rn\u00f6kiroda f\u0151 tev\u00e9kenys\u00e9ge \u00faj \u00e9p\u00edt\u00e9s\u0171 \u00e9s megl\u00e9v\u0151 \u00e9p\u00fcletekkel\/\u00e9p\u00edtm\u00e9nyekkel kapcsolatos statikai tervez\u00e9si\/szak\u00e9rt\u00e9si feladatok elv\u00e9gz\u00e9se, mely az al\u00e1bbiakra terjed ki: El\u0151k\u00e9sz\u00edt\u0151 tervek, [&hellip;]<\/p>\n","protected":false},"author":1,"featured_media":0,"parent":0,"menu_order":0,"comment_status":"closed","ping_status":"closed","template":"elementor_header_footer","meta":{"footnotes":""},"_links":{"self":[{"href":"http:\/\/dev.nazca.hu\/www\/wp-json\/wp\/v2\/pages\/5280"}],"collection":[{"href":"http:\/\/dev.nazca.hu\/www\/wp-json\/wp\/v2\/pages"}],"about":[{"href":"http:\/\/dev.nazca.hu\/www\/wp-json\/wp\/v2\/types\/page"}],"author":[{"embeddable":true,"href":"http:\/\/dev.nazca.hu\/www\/wp-json\/wp\/v2\/users\/1"}],"replies":[{"embeddable":true,"href":"http:\/\/dev.nazca.hu\/www\/wp-json\/wp\/v2\/comments?post=5280"}],"version-history":[{"count":5,"href":"http:\/\/dev.nazca.hu\/www\/wp-json\/wp\/v2\/pages\/5280\/revisions"}],"predecessor-version":[{"id":5512,"href":"http:\/\/dev.nazca.hu\/www\/wp-json\/wp\/v2\/pages\/5280\/revisions\/5512"}],"wp:attachment":[{"href":"http:\/\/dev.nazca.hu\/www\/wp-json\/wp\/v2\/media?parent=5280"}],"curies":[{"name":"wp","href":"https:\/\/api.w.org\/{rel}","templated":true}]}}