{"id":5294,"date":"2020-07-07T14:03:16","date_gmt":"2020-07-07T12:03:16","guid":{"rendered":"http:\/\/dev.nazca.hu\/www\/?page_id=5294"},"modified":"2020-07-09T13:38:50","modified_gmt":"2020-07-09T11:38:50","slug":"about","status":"publish","type":"page","link":"http:\/\/dev.nazca.hu\/www\/about\/","title":{"rendered":"_about"},"content":{"rendered":"\t\t<div data-elementor-type=\"wp-page\" data-elementor-id=\"5294\" class=\"elementor elementor-5294\">\n\t\t\t\t\t\t<section class=\"elementor-section elementor-top-section elementor-element elementor-element-303d1e7 elementor-section-boxed elementor-section-height-default elementor-section-height-default\" data-id=\"303d1e7\" data-element_type=\"section\">\n\t\t\t\t\t\t<div class=\"elementor-container elementor-column-gap-default\">\n\t\t\t\t\t<div class=\"elementor-column elementor-col-100 elementor-top-column elementor-element elementor-element-efeb5ee\" data-id=\"efeb5ee\" data-element_type=\"column\">\n\t\t\t<div class=\"elementor-widget-wrap elementor-element-populated\">\n\t\t\t\t\t\t<div class=\"elementor-element elementor-element-5a2001e elementor-invisible elementor-widget elementor-widget-image\" data-id=\"5a2001e\" data-element_type=\"widget\" data-settings=\"{&quot;_animation&quot;:&quot;fadeIn&quot;}\" data-widget_type=\"image.default\">\n\t\t\t\t<div class=\"elementor-widget-container\">\n\t\t\t\t\t\t\t\t\t\t\t\t\t<img fetchpriority=\"high\" decoding=\"async\" width=\"2048\" height=\"787\" src=\"http:\/\/dev.nazca.hu\/www\/wp-content\/uploads\/2020\/07\/MG_2003b-2048x787.png\" class=\"attachment-2048x2048 size-2048x2048 wp-image-5306\" alt=\"\" srcset=\"http:\/\/dev.nazca.hu\/www\/wp-content\/uploads\/2020\/07\/MG_2003b-2048x787.png 2048w, http:\/\/dev.nazca.hu\/www\/wp-content\/uploads\/2020\/07\/MG_2003b-300x115.png 300w, http:\/\/dev.nazca.hu\/www\/wp-content\/uploads\/2020\/07\/MG_2003b-1024x394.png 1024w, http:\/\/dev.nazca.hu\/www\/wp-content\/uploads\/2020\/07\/MG_2003b-768x295.png 768w, http:\/\/dev.nazca.hu\/www\/wp-content\/uploads\/2020\/07\/MG_2003b-1536x590.png 1536w, http:\/\/dev.nazca.hu\/www\/wp-content\/uploads\/2020\/07\/MG_2003b-830x319.png 830w, http:\/\/dev.nazca.hu\/www\/wp-content\/uploads\/2020\/07\/MG_2003b-230x88.png 230w, http:\/\/dev.nazca.hu\/www\/wp-content\/uploads\/2020\/07\/MG_2003b-350x135.png 350w, http:\/\/dev.nazca.hu\/www\/wp-content\/uploads\/2020\/07\/MG_2003b-480x185.png 480w\" sizes=\"(max-width: 2048px) 100vw, 2048px\" \/>\t\t\t\t\t\t\t\t\t\t\t\t\t<\/div>\n\t\t\t\t<\/div>\n\t\t\t\t<div class=\"elementor-element elementor-element-2b31a53 elementor-widget elementor-widget-text-editor\" data-id=\"2b31a53\" data-element_type=\"widget\" data-widget_type=\"text-editor.default\">\n\t\t\t\t<div class=\"elementor-widget-container\">\n\t\t\t\t\t\t\t<p>A NAZCA M\u00e9rn\u00f6ki \u00e9s Szolg\u00e1ltat\u00f3 Iroda Kft. 1996-ban ker\u00fclt bejegyz\u00e9sre, teljesen hazai mag\u00e1ntulajdon\u00fa v\u00e1llalkoz\u00e1sk\u00e9nt.<\/p><p>Alap\u00edt\u00f3k c\u00e9lul t\u0171zt\u00e9k ki a hazai statikus, m\u00e9rn\u00f6ki piacon val\u00f3 \u00f6n\u00e1ll\u00f3 szerepl\u0151k\u00e9nt val\u00f3 megjelen\u00e9st \u00e9s a m\u00e9rn\u00f6ki munk\u00e1t t\u00e1mogat\u00f3 \u00e9s seg\u00edt\u0151 informatikai megold\u00e1sok alkalmaz\u00e1s\u00e1t, t\u00e1mogat\u00e1s\u00e1t \u00e9s fejleszt\u00e9s\u00e9t.<\/p><p>M\u00e9rn\u00f6ki munk\u00e1nk sor\u00e1n l\u00e9nyeges k\u00e9rd\u00e9s a megel\u00e9gedetts\u00e9g. M\u00e1rmint az, hogy megb\u00edz\u00f3ink, \u00e9s a felhaszn\u00e1l\u00f3k, t\u00e1gabb k\u00f6rben a t\u00e1rsadalom el\u00e9gedett legyen a m\u00e9rn\u00f6k teljes\u00edtm\u00e9ny\u00e9vel. Azonban ennek csak egyik, b\u00e1r k\u00e9ts\u00e9gtelen\u00fcl l\u00e9nyeges eleme a gazdas\u00e1goss\u00e1g \u00e9s a rentabilit\u00e1s. Emellett folyamatosan sz\u00fcks\u00e9ges szakmai tud\u00e1sunk fejleszt\u00e9se, meg\u0151rz\u00e9se, hogy a j\u00f6v\u0151ben r\u00e1nk v\u00e1r\u00f3 feladatokat is az eddigi elismer\u00e9ssel, megel\u00e9ged\u00e9ssel tudjuk majd ell\u00e1tni.<\/p><p>A m\u00e9rn\u00f6ki munk\u00e1t megk\u00f6nny\u00edt\u0151 informatikai megold\u00e1sok megismer\u00e9s\u00e9t \u00e9s elsaj\u00e1t\u00edt\u00e1s\u00e1t a c\u00e9galap\u00edt\u00f3k m\u00e1r igen kor\u00e1n, egyetemi \u00e9veik alatt elkezdt\u00e9k. \u00a0\u00datt\u00f6r\u0151\u00a0munk\u00e1t v\u00e9geztek a BME \u00e9p\u00edt\u0151m\u00e9rn\u00f6ki kar\u00e1n az akkor el\u00e9rhet\u0151 szoftverek bevezet\u00e9s\u00e9ben, mind az informatikai oktat\u00e1sban, mind az \u00e9vk\u00f6zi feladatok alkalmaz\u00e1s\u00e1ban.\u00a0Els\u0151k\u00e9nt alkalmazt\u00e1k az AutoCAD, Allplan, MathCad stb. szoftvereket egyetemi feladataik kidolgoz\u00e1s\u00e1hoz.<\/p>\t\t\t\t\t\t<\/div>\n\t\t\t\t<\/div>\n\t\t\t\t\t<\/div>\n\t\t<\/div>\n\t\t\t\t\t<\/div>\n\t\t<\/section>\n\t\t\t\t<section class=\"elementor-section elementor-top-section elementor-element elementor-element-8024f0a elementor-section-boxed elementor-section-height-default elementor-section-height-default\" data-id=\"8024f0a\" data-element_type=\"section\">\n\t\t\t\t\t\t<div class=\"elementor-container elementor-column-gap-default\">\n\t\t\t\t\t<div class=\"elementor-column elementor-col-100 elementor-top-column elementor-element elementor-element-0bf84c6\" data-id=\"0bf84c6\" data-element_type=\"column\">\n\t\t\t<div class=\"elementor-widget-wrap elementor-element-populated\">\n\t\t\t\t\t\t<div class=\"elementor-element elementor-element-5393e97 elementor-widget elementor-widget-heading\" data-id=\"5393e97\" data-element_type=\"widget\" data-widget_type=\"heading.default\">\n\t\t\t\t<div class=\"elementor-widget-container\">\n\t\t\t<h2 class=\"elementor-heading-title elementor-size-default\">C\u00e9gtulajdonos alap\u00edt\u00f3k<\/h2>\t\t<\/div>\n\t\t\t\t<\/div>\n\t\t\t\t<section class=\"elementor-section elementor-inner-section elementor-element elementor-element-5eaf21c elementor-section-boxed elementor-section-height-default elementor-section-height-default\" data-id=\"5eaf21c\" data-element_type=\"section\">\n\t\t\t\t\t\t<div class=\"elementor-container elementor-column-gap-default\">\n\t\t\t\t\t<div class=\"elementor-column elementor-col-50 elementor-inner-column elementor-element elementor-element-d61710f\" data-id=\"d61710f\" data-element_type=\"column\">\n\t\t\t<div class=\"elementor-widget-wrap elementor-element-populated\">\n\t\t\t\t\t\t<div class=\"elementor-element elementor-element-cdab6da elementor-widget elementor-widget-heading\" data-id=\"cdab6da\" data-element_type=\"widget\" data-widget_type=\"heading.default\">\n\t\t\t\t<div class=\"elementor-widget-container\">\n\t\t\t<h3 class=\"elementor-heading-title elementor-size-default\">Lengyel Tam\u00e1s<\/h3>\t\t<\/div>\n\t\t\t\t<\/div>\n\t\t\t\t<div class=\"elementor-element elementor-element-1efc3d5 elementor-widget elementor-widget-text-editor\" data-id=\"1efc3d5\" data-element_type=\"widget\" data-widget_type=\"text-editor.default\">\n\t\t\t\t<div class=\"elementor-widget-container\">\n\t\t\t\t\t\t\t<p style=\"text-align: center;\"><strong>\u00dcgyvezet\u0151, m\u00e9rn\u00f6k \u00fczlet\u00e1gi igazgat\u00f3<\/strong><\/p><p>1969-ben sz\u00fcletett okleveles \u00e9p\u00edt\u0151m\u00e9rn\u00f6k, 1994-ben v\u00e9gzett BME \u00c9p\u00edt\u0151m\u00e9rn\u00f6ki Kar\u00e1nak Szerkezet\u00e9p\u00edt\u0151-m\u00e9rn\u00f6ki szak\u00e1n.<\/p><p>A NAZCA Kft alap\u00edt\u00f3ja 1996-ban, \u00fcgyvezet\u0151je \u00e9s m\u00e9rn\u00f6ki \u00fczlet\u00e1g igazgat\u00f3ja.<\/p><ul><li>1994-1995 Pint\u00e9r \u00e9s T\u00e1rsa Kft., statikus tervez\u0151, CAD szerkeszt\u0151<\/li><li>1995-1997 CAEC Kft., statikus tervez\u0151, CAD szerkeszt\u0151<\/li><li>1996-1999 \u00c9p\u00edt\u00e9szeti konstrukci\u00f3s Iroda Kft., vezet\u0151 tervez\u0151<\/li><li>2000-t\u0151l Nazca Kft., \u00c9p\u00edt\u0151m\u00e9rn\u00f6ki tev\u00e9kenys\u00e9g felel\u0151s vezet\u0151, vezet\u0151 m\u00e9rn\u00f6k, EC szakm\u00e9rn\u00f6k<\/li><\/ul>\t\t\t\t\t\t<\/div>\n\t\t\t\t<\/div>\n\t\t\t\t\t<\/div>\n\t\t<\/div>\n\t\t\t\t<div class=\"elementor-column elementor-col-50 elementor-inner-column elementor-element elementor-element-58b649d\" data-id=\"58b649d\" data-element_type=\"column\">\n\t\t\t<div class=\"elementor-widget-wrap elementor-element-populated\">\n\t\t\t\t\t\t<div class=\"elementor-element elementor-element-6b0776d elementor-widget elementor-widget-heading\" data-id=\"6b0776d\" data-element_type=\"widget\" data-widget_type=\"heading.default\">\n\t\t\t\t<div class=\"elementor-widget-container\">\n\t\t\t<h3 class=\"elementor-heading-title elementor-size-default\">Schneider Bal\u00e1zs<\/h3>\t\t<\/div>\n\t\t\t\t<\/div>\n\t\t\t\t<div class=\"elementor-element elementor-element-29c0679 elementor-widget elementor-widget-text-editor\" data-id=\"29c0679\" data-element_type=\"widget\" data-widget_type=\"text-editor.default\">\n\t\t\t\t<div class=\"elementor-widget-container\">\n\t\t\t\t\t\t\t<p style=\"text-align: center;\"><strong>Informatikai igazgat\u00f3<\/strong><\/p>\n<p>1970-ben sz\u00fcletett okleveles \u00e9p\u00edt\u0151m\u00e9rn\u00f6k, 1994-ben v\u00e9gzett &nbsp;BME<br \/>\u00c9p\u00edt\u00f6m\u00e9rn\u00f6ki Kar\u00e1nak Szerkezet\u00e9p\u00edt\u0151-m\u00e9rn\u00f6ki szak\u00e1n. Az \u00c9p\u00edt\u00e9studom\u00e1nyi<br \/>Egyes\u00fclet diplomamunk\u00e1j\u00e1t \u00c9p\u00edt\u00e9sz II. d\u00edjjal jutalmazta. Magyarorsz\u00e1gon<br \/>els\u0151k\u00e9nt haszn\u00e1lt teljes eg\u00e9sz\u00e9ben Nemetschek Allplan programot<br \/>diplomamunk\u00e1j\u00e1nak elk\u00e9sz\u00edt\u00e9s\u00e9hez, amely\u00e9rt k\u00fcl\u00f6n&nbsp;diplomad\u00edjat kapott a<br \/>Nemetschek AG magyarorsz\u00e1gi k\u00e9pviselet\u00e9t\u0151l.<\/p>\n<p>A NAZCA Kft alap\u00edt\u00f3ja 1996-ban, \u00fcgyvezet\u0151je \u00e9s informatikai igazgat\u00f3ja.<\/p>\n<ul>\n<li>1990-1994 BME \u00c9p\u00edt\u0151m\u00e9rn\u00f6ki Kar\u00e1nak Informatikai laborat\u00f3rium\u00e1ban demonstr\u00e1tor<\/li>\n<li>1991-1993 Autodesk Magyarorsz\u00e1g, k\u00fcls\u0151 szak\u00e9rt\u0151 \u00e9s honos\u00edt\u00e1si tan\u00e1csad\u00f3<\/li>\n<li>1993-1994 \u00c9p\u00edt\u00e9szeti Konstrukci\u00f3s Iroda Kft., k\u00fcls\u0151 hardver, szoftver \u00e9s CAD tan\u00e1csad\u00f3ja<\/li>\n<li>1994-1996 \u00c9p\u00edt\u00e9szeti Konstrukci\u00f3s Iroda Kft., statikus tervez\u0151, CAD szak\u00e9rt\u0151, honos\u00edt\u00e1si tan\u00e1csad\u00f3<\/li>\n<li>1997-1999 \u00c9p\u00edt\u00e9szeti konstrukci\u00f3s Iroda Kft., vezet\u0151 CAD tan\u00e1csad\u00f3 \u00e9s szak\u00e9rt\u0151, Nemetschek term\u00e9kek honos\u00edt\u00e1s\u00e9rt felel\u0151s vezet\u0151<\/li>\n<li>2000-t\u0151l Nazca Kft., Allplan honos\u00edt\u00e1s\u00e1\u00e9rt felel\u0151s vezet\u0151, k\u00fcl\u00f6nleges<br \/>\u00e9p\u00edtm\u00e9nyek \u00e9s m\u00e9rn\u00f6ki szerkezetek CAD tan\u00e1csad\u00f3ja \u00e9s szak\u00e9rt\u0151je, szerkezettervez\u0151, informatikai vezet\u0151<\/li>\n<\/ul>\t\t\t\t\t\t<\/div>\n\t\t\t\t<\/div>\n\t\t\t\t\t<\/div>\n\t\t<\/div>\n\t\t\t\t\t<\/div>\n\t\t<\/section>\n\t\t\t\t\t<\/div>\n\t\t<\/div>\n\t\t\t\t\t<\/div>\n\t\t<\/section>\n\t\t\t\t<\/div>\n\t\t","protected":false},"excerpt":{"rendered":"<p>A NAZCA M\u00e9rn\u00f6ki \u00e9s Szolg\u00e1ltat\u00f3 Iroda Kft. 1996-ban ker\u00fclt bejegyz\u00e9sre, teljesen hazai mag\u00e1ntulajdon\u00fa v\u00e1llalkoz\u00e1sk\u00e9nt. Alap\u00edt\u00f3k c\u00e9lul t\u0171zt\u00e9k ki a hazai statikus, m\u00e9rn\u00f6ki [&hellip;]<\/p>\n","protected":false},"author":1,"featured_media":0,"parent":0,"menu_order":0,"comment_status":"closed","ping_status":"closed","template":"elementor_header_footer","meta":{"footnotes":""},"_links":{"self":[{"href":"http:\/\/dev.nazca.hu\/www\/wp-json\/wp\/v2\/pages\/5294"}],"collection":[{"href":"http:\/\/dev.nazca.hu\/www\/wp-json\/wp\/v2\/pages"}],"about":[{"href":"http:\/\/dev.nazca.hu\/www\/wp-json\/wp\/v2\/types\/page"}],"author":[{"embeddable":true,"href":"http:\/\/dev.nazca.hu\/www\/wp-json\/wp\/v2\/users\/1"}],"replies":[{"embeddable":true,"href":"http:\/\/dev.nazca.hu\/www\/wp-json\/wp\/v2\/comments?post=5294"}],"version-history":[{"count":5,"href":"http:\/\/dev.nazca.hu\/www\/wp-json\/wp\/v2\/pages\/5294\/revisions"}],"predecessor-version":[{"id":5505,"href":"http:\/\/dev.nazca.hu\/www\/wp-json\/wp\/v2\/pages\/5294\/revisions\/5505"}],"wp:attachment":[{"href":"http:\/\/dev.nazca.hu\/www\/wp-json\/wp\/v2\/media?parent=5294"}],"curies":[{"name":"wp","href":"https:\/\/api.w.org\/{rel}","templated":true}]}}